{"id":211,"date":"2023-02-08T12:05:30","date_gmt":"2023-02-08T12:05:30","guid":{"rendered":"http:\/\/bracketweb.com\/ogenixwp\/?page_id=211"},"modified":"2025-08-11T12:30:43","modified_gmt":"2025-08-11T12:30:43","slug":"contact","status":"publish","type":"page","link":"https:\/\/www.hemalive.com.tr\/cos\/?page_id=211","title":{"rendered":"Contact"},"content":{"rendered":"\t\t<div data-elementor-type=\"wp-page\" data-elementor-id=\"211\" class=\"elementor elementor-211\" data-elementor-post-type=\"page\">\n\t\t\t\t\t\t<section class=\"elementor-section elementor-top-section elementor-element elementor-element-0b7863f google-map elementor-section-boxed elementor-section-height-default elementor-section-height-default\" data-id=\"0b7863f\" data-element_type=\"section\" data-e-type=\"section\">\n\t\t\t\t\t\t<div class=\"elementor-container elementor-column-gap-no\">\n\t\t\t\t\t<div class=\"elementor-column elementor-col-100 elementor-top-column elementor-element elementor-element-8b773fa\" data-id=\"8b773fa\" data-element_type=\"column\" data-e-type=\"column\">\n\t\t\t<div class=\"elementor-widget-wrap elementor-element-populated\">\n\t\t\t\t\t\t<div class=\"elementor-element elementor-element-3a43ccb elementor-widget elementor-widget-ogenix-google-maps\" data-id=\"3a43ccb\" data-element_type=\"widget\" data-e-type=\"widget\" data-widget_type=\"ogenix-google-maps.default\">\n\t\t\t\t<div class=\"elementor-widget-container\">\n\t\t\t\t\t\r\n<div class=\"elementor-custom-embed\">\r\n\t<iframe src=\"https:\/\/maps.google.com\/maps?q=%2041.096287%2C%2028.799357%20&#038;t=m&#038;z=16&#038;output=embed&#038;iwloc=near\" title=\" 41.096287, 28.799357 \" class=\"google-map__one\" aria-label=\" 41.096287, 28.799357 \"><\/iframe>\r\n<\/div>\t\t\t\t<\/div>\n\t\t\t\t<\/div>\n\t\t\t\t\t<\/div>\n\t\t<\/div>\n\t\t\t\t\t<\/div>\n\t\t<\/section>\n\t\t\t\t<section class=\"elementor-section elementor-top-section elementor-element elementor-element-578ba9d elementor-section-full_width elementor-section-height-default elementor-section-height-default\" data-id=\"578ba9d\" data-element_type=\"section\" data-e-type=\"section\">\n\t\t\t\t\t\t<div class=\"elementor-container elementor-column-gap-no\">\n\t\t\t\t\t<div class=\"elementor-column elementor-col-100 elementor-top-column elementor-element elementor-element-d54d069\" data-id=\"d54d069\" data-element_type=\"column\" data-e-type=\"column\">\n\t\t\t<div class=\"elementor-widget-wrap elementor-element-populated\">\n\t\t\t\t\t\t<div class=\"elementor-element elementor-element-40828b9 elementor-widget elementor-widget-ogenix-contact-info\" data-id=\"40828b9\" data-element_type=\"widget\" data-e-type=\"widget\" data-widget_type=\"ogenix-contact-info.default\">\n\t\t\t\t<div class=\"elementor-widget-container\">\n\t\t\t\t\t\r\n    <!--Contact Details Start-->\r\n    <section class=\"contact-details\">\r\n        <div class=\"container\">\r\n            <div class=\"contact-details__inner\">\r\n                <ul class=\"contact-details__contact-list list-unstyled ml-0\">\r\n                                            <li>\r\n                            <div class=\"icon\">\r\n                                <span aria-hidden=\"true\" class=\"  icon-help\"><\/span>                            <\/div>\r\n                            <div class=\"content\">\r\n                                <p class=\"\">Have any question?<\/p>                                <h4>\r\n                                    <a href=\"tel:923076806860\">+ 90 506 777 70 15<\/a>                                <\/h4>\r\n                            <\/div>\r\n                        <\/li>\r\n                                            <li>\r\n                            <div class=\"icon\">\r\n                                <span aria-hidden=\"true\" class=\"   icon-mailbox\"><\/span>                            <\/div>\r\n                            <div class=\"content\">\r\n                                <p class=\" \">Write email<\/p>                                <h4>\r\n                                    <a href=\"mailto:needhelp@company.com\">info@www.hemalive.com.tr<\/a>                                <\/h4>\r\n                            <\/div>\r\n                        <\/li>\r\n                                            <li>\r\n                            <div class=\"icon\">\r\n                                <span aria-hidden=\"true\" class=\"   icon-maps-and-flags\"><\/span>                            <\/div>\r\n                            <div class=\"content\">\r\n                                <p class=\"  \">Visit store<\/p>                                <h4>\r\n                                    \u0130kitelli Osb Mah. Mutfak\u00e7\u0131lar<br> M6 Blok M6 Sok, No:9 Kap\u0131 No:9,<br>  Ba\u015fak\u015fehir\/\u0130stanbul                                <\/h4>\r\n                            <\/div>\r\n                        <\/li>\r\n                                    <\/ul>\r\n                <div class=\"contact-details__social-box\">\r\n                                            <a href=\"http:\/\/www.facebook.com\"> <i aria-hidden=\"true\" class=\"  fab fa-facebook-f\"><\/i><\/a>\r\n                                            <a href=\"http:\/\/www.twitter.com\"> <svg aria-hidden=\"true\" class=\"  e-font-icon-svg e-fab-twitter\" viewBox=\"0 0 512 512\" xmlns=\"http:\/\/www.w3.org\/2000\/svg\"><path d=\"M459.37 151.716c.325 4.548.325 9.097.325 13.645 0 138.72-105.583 298.558-298.558 298.558-59.452 0-114.68-17.219-161.137-47.106 8.447.974 16.568 1.299 25.34 1.299 49.055 0 94.213-16.568 130.274-44.832-46.132-.975-84.792-31.188-98.112-72.772 6.498.974 12.995 1.624 19.818 1.624 9.421 0 18.843-1.3 27.614-3.573-48.081-9.747-84.143-51.98-84.143-102.985v-1.299c13.969 7.797 30.214 12.67 47.431 13.319-28.264-18.843-46.781-51.005-46.781-87.391 0-19.492 5.197-37.36 14.294-52.954 51.655 63.675 129.3 105.258 216.365 109.807-1.624-7.797-2.599-15.918-2.599-24.04 0-57.828 46.782-104.934 104.934-104.934 30.213 0 57.502 12.67 76.67 33.137 23.715-4.548 46.456-13.32 66.599-25.34-7.798 24.366-24.366 44.833-46.132 57.827 21.117-2.273 41.584-8.122 60.426-16.243-14.292 20.791-32.161 39.308-52.628 54.253z\"><\/path><\/svg><\/a>\r\n                                            <a href=\"http:\/\/www.pinterest.com\"> <svg aria-hidden=\"true\" class=\"  e-font-icon-svg e-fab-pinterest-p\" viewBox=\"0 0 384 512\" xmlns=\"http:\/\/www.w3.org\/2000\/svg\"><path d=\"M204 6.5C101.4 6.5 0 74.9 0 185.6 0 256 39.6 296 63.6 296c9.9 0 15.6-27.6 15.6-35.4 0-9.3-23.7-29.1-23.7-67.8 0-80.4 61.2-137.4 140.4-137.4 68.1 0 118.5 38.7 118.5 109.8 0 53.1-21.3 152.7-90.3 152.7-24.9 0-46.2-18-46.2-43.8 0-37.8 26.4-74.4 26.4-113.4 0-66.2-93.9-54.2-93.9 25.8 0 16.8 2.1 35.4 9.6 50.7-13.8 59.4-42 147.9-42 209.1 0 18.9 2.7 37.5 4.5 56.4 3.4 3.8 1.7 3.4 6.9 1.5 50.4-69 48.6-82.5 71.4-172.8 12.3 23.4 44.1 36 69.3 36 106.2 0 153.9-103.5 153.9-196.8C384 71.3 298.2 6.5 204 6.5z\"><\/path><\/svg><\/a>\r\n                                            <a href=\"http:\/\/www.instagram.com\"> <svg aria-hidden=\"true\" class=\"  e-font-icon-svg e-fab-instagram\" viewBox=\"0 0 448 512\" xmlns=\"http:\/\/www.w3.org\/2000\/svg\"><path d=\"M224.1 141c-63.6 0-114.9 51.3-114.9 114.9s51.3 114.9 114.9 114.9S339 319.5 339 255.9 287.7 141 224.1 141zm0 189.6c-41.1 0-74.7-33.5-74.7-74.7s33.5-74.7 74.7-74.7 74.7 33.5 74.7 74.7-33.6 74.7-74.7 74.7zm146.4-194.3c0 14.9-12 26.8-26.8 26.8-14.9 0-26.8-12-26.8-26.8s12-26.8 26.8-26.8 26.8 12 26.8 26.8zm76.1 27.2c-1.7-35.9-9.9-67.7-36.2-93.9-26.2-26.2-58-34.4-93.9-36.2-37-2.1-147.9-2.1-184.9 0-35.8 1.7-67.6 9.9-93.9 36.1s-34.4 58-36.2 93.9c-2.1 37-2.1 147.9 0 184.9 1.7 35.9 9.9 67.7 36.2 93.9s58 34.4 93.9 36.2c37 2.1 147.9 2.1 184.9 0 35.9-1.7 67.7-9.9 93.9-36.2 26.2-26.2 34.4-58 36.2-93.9 2.1-37 2.1-147.8 0-184.8zM398.8 388c-7.8 19.6-22.9 34.7-42.6 42.6-29.5 11.7-99.5 9-132.1 9s-102.7 2.6-132.1-9c-19.6-7.8-34.7-22.9-42.6-42.6-11.7-29.5-9-99.5-9-132.1s-2.6-102.7 9-132.1c7.8-19.6 22.9-34.7 42.6-42.6 29.5-11.7 99.5-9 132.1-9s102.7-2.6 132.1 9c19.6 7.8 34.7 22.9 42.6 42.6 11.7 29.5 9 99.5 9 132.1s2.7 102.7-9 132.1z\"><\/path><\/svg><\/a>\r\n                                    <\/div>\r\n            <\/div>\r\n        <\/div>\r\n    <\/section>\r\n    <!--Contact Details End-->\r\n\t\t\t\t<\/div>\n\t\t\t\t<\/div>\n\t\t\t\t\t<\/div>\n\t\t<\/div>\n\t\t\t\t\t<\/div>\n\t\t<\/section>\n\t\t\t\t<section class=\"elementor-section elementor-top-section elementor-element elementor-element-57dfe38 elementor-section-full_width elementor-section-height-default elementor-section-height-default\" data-id=\"57dfe38\" data-element_type=\"section\" data-e-type=\"section\">\n\t\t\t\t\t\t<div class=\"elementor-container elementor-column-gap-no\">\n\t\t\t\t\t<div class=\"elementor-column elementor-col-100 elementor-top-column elementor-element elementor-element-bfe7819\" data-id=\"bfe7819\" data-element_type=\"column\" data-e-type=\"column\">\n\t\t\t<div class=\"elementor-widget-wrap elementor-element-populated\">\n\t\t\t\t\t\t<div class=\"elementor-element elementor-element-01a188d elementor-widget elementor-widget-ogenix-contact-form\" data-id=\"01a188d\" data-element_type=\"widget\" data-e-type=\"widget\" data-widget_type=\"ogenix-contact-form.default\">\n\t\t\t\t<div class=\"elementor-widget-container\">\n\t\t\t\t\t\r\n\t<!--Contact Page Start-->\r\n\t<section class=\"contact-page\">\r\n\t\t<div class=\"container\">\r\n\t\t\t<div class=\"row\">\r\n\t\t\t\t<div class=\"col-xl-12\">\r\n\t\t\t\t\t<div class=\"section-title text-center\">\r\n\t\t\t\t\t\t<span class=\"section-title__tagline\">Write a Message<\/span><h2 class=\"section-title__title\">We\u2019re always here to <br> help you<\/h2>\t\t\t\t\t<\/div>\r\n\t\t\t\t\t<div class=\"contact-page__content\">\r\n\t\t\t\t\t\t<div class=\"wpcf7 no-js\" id=\"wpcf7-f234-o1\" lang=\"en-US\" dir=\"ltr\" data-wpcf7-id=\"234\">\n<div class=\"screen-reader-response\"><p role=\"status\" aria-live=\"polite\" aria-atomic=\"true\"><\/p> <ul><\/ul><\/div>\n<form action=\"\/cos\/index.php?rest_route=%2Fwp%2Fv2%2Fpages%2F211#wpcf7-f234-o1\" method=\"post\" class=\"wpcf7-form init\" aria-label=\"Contact form\" novalidate=\"novalidate\" data-status=\"init\">\n<fieldset class=\"hidden-fields-container\"><input type=\"hidden\" name=\"_wpcf7\" value=\"234\" \/><input type=\"hidden\" name=\"_wpcf7_version\" value=\"6.1.5\" \/><input type=\"hidden\" name=\"_wpcf7_locale\" value=\"en_US\" \/><input type=\"hidden\" name=\"_wpcf7_unit_tag\" value=\"wpcf7-f234-o1\" \/><input type=\"hidden\" name=\"_wpcf7_container_post\" value=\"0\" \/><input type=\"hidden\" name=\"_wpcf7_posted_data_hash\" value=\"\" \/>\n<\/fieldset>\n<div class=\"row\">\n    <div class=\"col-xl-6\">\n       <div class=\"contact-page__form-input-box\">\n            <span class=\"wpcf7-form-control-wrap\" data-name=\"text-318\"><input size=\"40\" maxlength=\"400\" class=\"wpcf7-form-control wpcf7-text wpcf7-validates-as-required\" aria-required=\"true\" aria-invalid=\"false\" placeholder=\"Your name\" value=\"\" type=\"text\" name=\"text-318\" \/><\/span>\n       <\/div>\n   <\/div>\n   <div class=\"col-xl-6\">\n       <div class=\"contact-page__form-input-box\">\n            <span class=\"wpcf7-form-control-wrap\" data-name=\"email-449\"><input size=\"40\" maxlength=\"400\" class=\"wpcf7-form-control wpcf7-email wpcf7-validates-as-required wpcf7-text wpcf7-validates-as-email\" aria-required=\"true\" aria-invalid=\"false\" placeholder=\"Email address\" value=\"\" type=\"email\" name=\"email-449\" \/><\/span>\n       <\/div>\n   <\/div>\n   <div class=\"col-xl-6\">\n       <div class=\"contact-page__form-input-box\">\n            <span class=\"wpcf7-form-control-wrap\" data-name=\"text-272\"><input size=\"40\" maxlength=\"400\" class=\"wpcf7-form-control wpcf7-text wpcf7-validates-as-required\" aria-required=\"true\" aria-invalid=\"false\" placeholder=\"Subject\" value=\"\" type=\"text\" name=\"text-272\" \/><\/span>\n       <\/div>\n   <\/div>\n   <div class=\"col-xl-6\">\n       <div class=\"contact-page__form-input-box\">\n            <span class=\"wpcf7-form-control-wrap\" data-name=\"text-430\"><input size=\"40\" maxlength=\"400\" class=\"wpcf7-form-control wpcf7-text wpcf7-validates-as-required\" aria-required=\"true\" aria-invalid=\"false\" placeholder=\"Phone\" value=\"\" type=\"text\" name=\"text-430\" \/><\/span>\n       <\/div>\n   <\/div>\n<\/div>\n<div class=\"col-xl-12\">\n   <div class=\"contact-page__form-input-box text-message-box\">\n            <span class=\"wpcf7-form-control-wrap\" data-name=\"textarea-254\"><textarea cols=\"40\" rows=\"10\" maxlength=\"2000\" class=\"wpcf7-form-control wpcf7-textarea wpcf7-validates-as-required\" aria-required=\"true\" aria-invalid=\"false\" placeholder=\"Write a massage\" name=\"textarea-254\"><\/textarea><\/span>\n   <\/div>\n   <div class=\"contact-page__btn-box\">\n       <button type=\"submit\" class=\"thm-btn contact-page__btn\">Send a message<\/button>\n   <\/div>\n<\/div><div class=\"wpcf7-response-output\" aria-hidden=\"true\"><\/div>\n<\/form>\n<\/div>\t\t\t\t\t<\/div>\r\n\t\t\t\t<\/div>\r\n\t\t\t<\/div>\r\n\t\t<\/div>\r\n\t<\/section>\r\n\t<!--Contact Page End-->\r\n\r\n\t\t\t\t<\/div>\n\t\t\t\t<\/div>\n\t\t\t\t\t<\/div>\n\t\t<\/div>\n\t\t\t\t\t<\/div>\n\t\t<\/section>\n\t\t\t\t<\/div>\n\t\t","protected":false},"excerpt":{"rendered":"<p>Have any question? + 90 506 777 70 15 Write email info@www.hemalive.com.tr Visit store \u0130kitelli Osb Mah. Mutfak\u00e7\u0131lar M6 Blok M6 Sok, No:9 Kap\u0131 No:9, Ba\u015fak\u015fehir\/\u0130stanbul Write a Message We\u2019re always here to help you Send a message<\/p>\n","protected":false},"author":1,"featured_media":0,"parent":0,"menu_order":0,"comment_status":"closed","ping_status":"closed","template":"elementor_header_footer","meta":{"footnotes":""},"class_list":["post-211","page","type-page","status-publish","hentry"],"_links":{"self":[{"href":"https:\/\/www.hemalive.com.tr\/cos\/index.php?rest_route=\/wp\/v2\/pages\/211","targetHints":{"allow":["GET"]}}],"collection":[{"href":"https:\/\/www.hemalive.com.tr\/cos\/index.php?rest_route=\/wp\/v2\/pages"}],"about":[{"href":"https:\/\/www.hemalive.com.tr\/cos\/index.php?rest_route=\/wp\/v2\/types\/page"}],"author":[{"embeddable":true,"href":"https:\/\/www.hemalive.com.tr\/cos\/index.php?rest_route=\/wp\/v2\/users\/1"}],"replies":[{"embeddable":true,"href":"https:\/\/www.hemalive.com.tr\/cos\/index.php?rest_route=%2Fwp%2Fv2%2Fcomments&post=211"}],"version-history":[{"count":10,"href":"https:\/\/www.hemalive.com.tr\/cos\/index.php?rest_route=\/wp\/v2\/pages\/211\/revisions"}],"predecessor-version":[{"id":3726,"href":"https:\/\/www.hemalive.com.tr\/cos\/index.php?rest_route=\/wp\/v2\/pages\/211\/revisions\/3726"}],"wp:attachment":[{"href":"https:\/\/www.hemalive.com.tr\/cos\/index.php?rest_route=%2Fwp%2Fv2%2Fmedia&parent=211"}],"curies":[{"name":"wp","href":"https:\/\/api.w.org\/{rel}","templated":true}]}}